{"id":6109,"date":"2023-09-01T19:37:47","date_gmt":"2023-09-01T19:37:47","guid":{"rendered":"https:\/\/www.safarigroupusa.com\/acerca-de-safari\/"},"modified":"2023-09-21T16:29:57","modified_gmt":"2023-09-21T16:29:57","slug":"acerca-de-safari","status":"publish","type":"page","link":"https:\/\/www.safarigroupusa.com\/es\/acerca-de-safari\/","title":{"rendered":"Acerca de Safari"},"content":{"rendered":"<div class=\"wpb-content-wrapper\"><p>[vc_section full_width=\u00bbstretch_row\u00bb scrollreveal_elements=\u00bbitems\u00bb scrollreveal_duration=\u00bb500&#8243;][vc_row][vc_column]<div class=\"es-resp\">\t<div class=\"hidden-xl hidden-md hidden-sm hidden-ms hidden-xs\" style=\"height: 64px;\"><\/div>\t<div class=\"visible-md\" style=\"height: 64px;\"><\/div>\t<div class=\"visible-sm \" style=\"height: 16px;\"><\/div>\t<div class=\"visible-ms\" style=\"height: 16px;\"><\/div>\t<div class=\"visible-xs\" style=\"height: 16px;\"><\/div><\/div>[\/vc_column][\/vc_row][vc_row text_align=\u00bbcenter-sm-ms\u00bb][vc_column offset=\u00bbvc_col-lg-4 vc_col-md-6&#8243;]<div class=\"heading  header-subheader align-left color-main subcolor-main theme-icon-second icon-type-hidden   vc_custom_1695236461190 heading-tag-h2\" id=\"like_sc_header_1906890947\"><h5 class=\"subheader ltx-sr-id-like_sc_header_19068909471305644425 ltx-sr ltx-sr-effect-fade_in ltx-sr-el-block ltx-sr-delay-100 ltx-sr-duration-300 ltx-sr-sequences-50\">Con\u00f3cenos<\/h5><h2 class=\"header ltx-sr-id-like_sc_header_1906890947697593626 ltx-sr ltx-sr-effect-fade_in ltx-sr-el-block ltx-sr-delay-0 ltx-sr-duration-1000 ltx-sr-sequences-0\">Acerca de Safari<\/h2><\/div><div class=\"ltx-content-width col-align-center\" id=\"like_sc_header_630238992\" style=\"max-width: 600px\"><div class=\"ltx-wrapper\">[vc_column_text]<b>Safari Candies <\/b><span style=\"font-weight: 400\">nace del deseo de traer las delicias cl\u00e1sicas mexicanas al mercado estadounidense, brindando una sensaci\u00f3n divertida y refrescante para los peque\u00f1os y no tan peque\u00f1os con una gama de productos desde dulces coloridos hasta delicias picantes e irresistibles con divertidos y adorables personajes que hacen nuestra marca se convierta instant\u00e1neamente en la favorita entre los consumidores.<\/span><\/p>\n<p><span style=\"font-weight: 400\">A lo largo de los a\u00f1os, la marca ha ido sumando nuevas propuestas y ahora ofrece alrededor de 60 SKU en 25 subfamilias; \u00a1Trabajamos duro y nos esforzamos por convertirnos en un nombre familiar en el mercado de dulces de EE. UU. para seguir teniendo la oportunidad de difundir buenos momentos y alegr\u00eda! Despu\u00e9s de todo, de eso se trata.<\/span>[\/vc_column_text]<\/div><\/div>[\/vc_column][vc_column text_align=\u00bbcenter-sm-ms\u00bb offset=\u00bbvc_col-lg-4 vc_hidden-md\u00bb]<div class=\"es-resp\">\t<div class=\"hidden-xl hidden-md hidden-sm hidden-ms hidden-xs\" style=\"height: 48px;\"><\/div>\t<div class=\"visible-md\" style=\"height: 48px;\"><\/div>\t<div class=\"visible-sm \" style=\"height: 48px;\"><\/div>\t<div class=\"visible-ms\" style=\"height: 48px;\"><\/div>\t<div class=\"visible-xs\" style=\"height: 48px;\"><\/div><\/div>[vc_single_image image=\u00bb6081&#8243; img_size=\u00bbfull\u00bb][\/vc_column][vc_column offset=\u00bbvc_col-lg-4 vc_col-md-6&#8243;]<div class=\"heading  default align-left color-black subcolor-main icon-type-hidden   vc_custom_1693757211238 heading-tag-h4\" id=\"like_sc_header_1654493560\"><h4 class=\"header ltx-sr-id-like_sc_header_16544935601677045455 ltx-sr ltx-sr-effect-fade_in ltx-sr-el-block ltx-sr-delay-0 ltx-sr-duration-1000 ltx-sr-sequences-0\">Una aventura <span> llena de sabor <\/span><\/h4><\/div>[vc_column_text css=\u00bb.vc_custom_1693757276371{padding-left: 30px !important;}\u00bb]<\/p>\n<ul class=\"check\">\n<li><span style=\"font-weight: 400;\">Elaborados con las mejores materias primas e ingredientes<\/span><\/li>\n<li><span style=\"font-weight: 400;\">Mantenemos nuestra calidad e inocuidad (seguridad alimenticia)<\/span><\/li>\n<li><span style=\"font-weight: 400;\">Estamos a la vanguardia en tendencias, gustos y necesidades del mercado con nuevas propuestas de valor<\/span><\/li>\n<\/ul>\n<p>[\/vc_column_text]<div class=\"es-resp\">\t<div class=\"hidden-xl hidden-md hidden-sm hidden-ms hidden-xs\" style=\"height: 0px;\"><\/div>\t<div class=\"visible-md\" style=\"height: 0px;\"><\/div>\t<div class=\"visible-sm \" style=\"height: 48px;\"><\/div>\t<div class=\"visible-ms\" style=\"height: 48px;\"><\/div>\t<div class=\"visible-xs\" style=\"height: 48px;\"><\/div><\/div>[\/vc_column][\/vc_row][\/vc_section][vc_section full_width=\u00bbstretch_row\u00bb content_placement=\u00bbmiddle\u00bb text_align=\u00bbcenter-ms\u00bb scrollreveal_type=\u00bbfade_in\u00bb scrollreveal_elements=\u00bblist_el\u00bb css=\u00bb.vc_custom_1533252375544{background-image: url(http:\/\/www.safarigroupusa.com\/wp-content\/uploads\/2018\/07\/bg-2.png?id=5059) !important;}\u00bb][vc_row][vc_column]<div class=\"heading  header-subheader align-center color-main subcolor-main theme-icon-second icon-type-hidden   vc_custom_1695313790943 heading-tag-h2\" id=\"like_sc_header_87763604\"><h5 class=\"subheader ltx-sr-id-like_sc_header_87763604742504981 ltx-sr ltx-sr-effect-fade_in ltx-sr-el-block ltx-sr-delay-100 ltx-sr-duration-300 ltx-sr-sequences-50\">Donde<\/h5><h2 class=\"header ltx-sr-id-like_sc_header_87763604592711346 ltx-sr ltx-sr-effect-fade_in ltx-sr-el-block ltx-sr-delay-0 ltx-sr-duration-1000 ltx-sr-sequences-0\">Comprar<\/h2><\/div>[vc_column_text]<\/p>\n<p style=\"text-align: center;\"><span style=\"font-weight: 400;\">Pregunta por la aventura de sabor SAFARI en tus dulcer\u00edas favoritas<\/span><\/p>\n<p style=\"text-align: center;\"><span style=\"font-weight: 400;\">Encu\u00e9ntranos en:<\/span><\/p>\n<p>[\/vc_column_text][\/vc_column][\/vc_row][\/vc_section][vc_section full_width=\u00bbstretch_row\u00bb bg_pos=\u00bbcenter-center\u00bb css=\u00bb.vc_custom_1533691686414{padding-top: 0px !important;background-image: url(http:\/\/www.safarigroupusa.com\/wp-content\/uploads\/2018\/07\/customers-bg-gray.jpg?id=5068) !important;}\u00bb][vc_row bg_pos=\u00bbcenter-center\u00bb css=\u00bb.vc_custom_1530614695982{background-image: url(http:\/\/www.safarigroupusa.com\/wp-content\/uploads\/2018\/07\/customers-bg.png?id=5061) !important;}\u00bb][vc_column width=\u00bb1\/4&#8243; offset=\u00bbvc_col-lg-3 vc_col-md-6&#8243;][\/vc_column][vc_column width=\u00bb1\/2&#8243;][vc_single_image image=\u00bb6809&#8243; img_size=\u00bblarge\u00bb alignment=\u00bbcenter\u00bb onclick=\u00bbcustom_link\u00bb img_link_target=\u00bb_blank\u00bb link=\u00bbhttp:\/\/www.sweetdeal2000.com\/\u00bb][\/vc_column][vc_column width=\u00bb1\/4&#8243;][\/vc_column][\/vc_row][vc_row][vc_column]<div class=\"es-resp\">\t<div class=\"hidden-xl hidden-md hidden-sm hidden-ms hidden-xs\" style=\"height: 20px;\"><\/div>\t<div class=\"visible-md\" style=\"height: 20px;\"><\/div>\t<div class=\"visible-sm \" style=\"height: 20px;\"><\/div>\t<div class=\"visible-ms\" style=\"height: 64px;\"><\/div>\t<div class=\"visible-xs\" style=\"height: 64px;\"><\/div><\/div>[\/vc_column][\/vc_row][\/vc_section]<\/p>\n<\/div>","protected":false},"excerpt":{"rendered":"<p>[vc_section full_width=\u00bbstretch_row\u00bb scrollreveal_elements=\u00bbitems\u00bb scrollreveal_duration=\u00bb500&#8243;][vc_row][vc_column][\/vc_column][\/vc_row][vc_row text_align=\u00bbcenter-sm-ms\u00bb][vc_column offset=\u00bbvc_col-lg-4 vc_col-md-6&#8243;][\/vc_column][vc_column text_align=\u00bbcenter-sm-ms\u00bb offset=\u00bbvc_col-lg-4 vc_hidden-md\u00bb][vc_single_image image=\u00bb6081&#8243; img_size=\u00bbfull\u00bb][\/vc_column][vc_column offset=\u00bbvc_col-lg-4 vc_col-md-6&#8243;][vc_column_text css=\u00bb.vc_custom_1693757276371{padding-left: 30px !important;}\u00bb] Elaborados con las mejores materias primas e ingredientes Mantenemos nuestra calidad e inocuidad (seguridad alimenticia) Estamos a la vanguardia en tendencias, gustos y necesidades del mercado con nuevas propuestas de valor [\/vc_column_text][\/vc_column][\/vc_row][\/vc_section][vc_section full_width=\u00bbstretch_row\u00bb content_placement=\u00bbmiddle\u00bb text_align=\u00bbcenter-ms\u00bb scrollreveal_type=\u00bbfade_in\u00bb scrollreveal_elements=\u00bblist_el\u00bb css=\u00bb.vc_custom_1533252375544{background-image: [&hellip;]<\/p>\n","protected":false},"author":1,"featured_media":0,"parent":0,"menu_order":0,"comment_status":"closed","ping_status":"closed","template":"","meta":{"footnotes":""},"class_list":["post-6109","page","type-page","status-publish","hentry"],"_links":{"self":[{"href":"https:\/\/www.safarigroupusa.com\/es\/wp-json\/wp\/v2\/pages\/6109","targetHints":{"allow":["GET"]}}],"collection":[{"href":"https:\/\/www.safarigroupusa.com\/es\/wp-json\/wp\/v2\/pages"}],"about":[{"href":"https:\/\/www.safarigroupusa.com\/es\/wp-json\/wp\/v2\/types\/page"}],"author":[{"embeddable":true,"href":"https:\/\/www.safarigroupusa.com\/es\/wp-json\/wp\/v2\/users\/1"}],"replies":[{"embeddable":true,"href":"https:\/\/www.safarigroupusa.com\/es\/wp-json\/wp\/v2\/comments?post=6109"}],"version-history":[{"count":26,"href":"https:\/\/www.safarigroupusa.com\/es\/wp-json\/wp\/v2\/pages\/6109\/revisions"}],"predecessor-version":[{"id":6844,"href":"https:\/\/www.safarigroupusa.com\/es\/wp-json\/wp\/v2\/pages\/6109\/revisions\/6844"}],"wp:attachment":[{"href":"https:\/\/www.safarigroupusa.com\/es\/wp-json\/wp\/v2\/media?parent=6109"}],"curies":[{"name":"wp","href":"https:\/\/api.w.org\/{rel}","templated":true}]}}